{"id":25980460,"date":"2024-07-31T15:18:27","date_gmt":"2024-07-31T13:18:27","guid":{"rendered":"https:\/\/new.kredo.swiss\/wir-sagen-ihnen-alles\/"},"modified":"2024-09-23T18:03:32","modified_gmt":"2024-09-23T16:03:32","slug":"wir-sagen-ihnen-alles","status":"publish","type":"page","link":"https:\/\/new.kredo.swiss\/de\/wir-sagen-ihnen-alles\/","title":{"rendered":"Wir sagen Ihnen alles"},"content":{"rendered":"<p>[et_pb_section fb_built=&#8221;1&#8243; custom_padding_last_edited=&#8221;on|tablet&#8221; _builder_version=&#8221;4.27.0&#8243; _module_preset=&#8221;default&#8221; background_color=&#8221;#F4F8F9&#8243; custom_padding=&#8221;200px||||false|false&#8221; custom_padding_tablet=&#8221;50px||||false|false&#8221; custom_padding_phone=&#8221;50px||||false|false&#8221; global_colors_info=&#8221;{}&#8221;][et_pb_row _builder_version=&#8221;4.27.0&#8243; _module_preset=&#8221;default&#8221; width=&#8221;100%&#8221; max_width=&#8221;85%&#8221; global_colors_info=&#8221;{}&#8221;][et_pb_column type=&#8221;4_4&#8243; _builder_version=&#8221;4.27.0&#8243; _module_preset=&#8221;default&#8221; global_colors_info=&#8221;{}&#8221;][et_pb_text _builder_version=&#8221;4.27.0&#8243; _module_preset=&#8221;default&#8221; global_colors_info=&#8221;{}&#8221;]<\/p>\n<h1>Wir sagen Ihnen alles<\/h1>\n<p>[\/et_pb_text][et_pb_text _builder_version=&#8221;4.27.0&#8243; _module_preset=&#8221;default&#8221; text_font_size=&#8221;24px&#8221; text_line_height=&#8221;28px&#8221; global_colors_info=&#8221;{}&#8221;]<\/p>\n<p>Transparenz ist der Eckpfeiler des Vertrauensverh\u00e4ltnisses<\/p>\n<p>[\/et_pb_text][\/et_pb_column][\/et_pb_row][et_pb_row use_custom_gutter=&#8221;on&#8221; gutter_width=&#8221;1&#8243; _builder_version=&#8221;4.27.0&#8243; _module_preset=&#8221;default&#8221; background_color=&#8221;RGBA(255,255,255,0)&#8221; width=&#8221;100%&#8221; max_width=&#8221;75%&#8221; max_width_tablet=&#8221;85%&#8221; max_width_phone=&#8221;85%&#8221; max_width_last_edited=&#8221;on|tablet&#8221; custom_css_free_form=&#8221;.selector {||  display: flex;||  justify-content: center;||  align-items: center;||}&#8221; global_colors_info=&#8221;{}&#8221;][et_pb_column type=&#8221;4_4&#8243; _builder_version=&#8221;4.27.0&#8243; _module_preset=&#8221;default&#8221; global_colors_info=&#8221;{}&#8221;][dipi_faq show_all=&#8221;on&#8221; faq_order_by=&#8221;date&#8221; output_json=&#8221;off&#8221; icon_animate=&#8221;on&#8221; icon_closed=&#8221;&#x33;||divi||400&#8243; icon_open=&#8221;&#x32;||divi||400&#8243; icon_open_color=&#8221;#2DA81A&#8221; icon_closed_color=&#8221;#2DA81A&#8221; icon_open_bg_color=&#8221;RGBA(0,0,0,0)&#8221; icon_closed_bg_color=&#8221;RGBA(0,0,0,0)&#8221; icon_open_font_size=&#8221;60px&#8221; icon_closed_font_size=&#8221;60px&#8221; icon_open_border_radius=&#8221;100px&#8221; icon_closed_border_radius=&#8221;100px&#8221; icon_open_padding=&#8221;10px|10px|10px|10px|false|false&#8221; icon_closed_padding=&#8221;10px|10px|10px|10px|false|false&#8221; entry_background_closed=&#8221;RGBA(255,255,255,0)&#8221; entry_background_open=&#8221;RGBA(255,255,255,0)&#8221; entry_margin_closed=&#8221;||0px||false|false&#8221; entry_padding_closed=&#8221;||||false|false&#8221; title_padding_closed=&#8221;25px|50px|25px|20px|false|false&#8221; title_padding_open=&#8221;25px|||20px|false|false&#8221; content_padding_closed=&#8221;0px|0px|30px|0px|false|false&#8221; content_padding_open=&#8221;|40px||20px|false|false&#8221; title_padding_closed_tablet=&#8221;&#8221; title_padding_closed_phone=&#8221;25px|70px|25px|20px|false|false&#8221; title_padding_closed_last_edited=&#8221;on|phone&#8221; title_padding_open_tablet=&#8221;&#8221; title_padding_open_phone=&#8221;|||20px|false|false&#8221; title_padding_open_last_edited=&#8221;on|desktop&#8221; content_padding_closed_tablet=&#8221;&#8221; content_padding_closed_phone=&#8221;|||20px|false|false&#8221; content_padding_closed_last_edited=&#8221;on|tablet&#8221; _builder_version=&#8221;4.27.0&#8243; _module_preset=&#8221;default&#8221; title_closed_font=&#8221;Poppins|700|||||||&#8221; title_closed_text_color=&#8221;#41515A&#8221; title_closed_font_size=&#8221;24px&#8221; title_open_text_color=&#8221;#41515A&#8221; title_open_font_size=&#8221;24px&#8221; content_closed_font=&#8221;||||||||&#8221; content_closed_font_size=&#8221;16px&#8221; content_closed_line_height=&#8221;1.7em&#8221; title_closed_font_size_tablet=&#8221;20px&#8221; title_closed_font_size_phone=&#8221;18px&#8221; title_closed_font_size_last_edited=&#8221;on|phone&#8221; content_closed_font_size_tablet=&#8221;&#8221; content_closed_font_size_phone=&#8221;&#8221; content_closed_font_size_last_edited=&#8221;on|desktop&#8221; content_open_font_size_tablet=&#8221;&#8221; content_open_font_size_phone=&#8221;14px&#8221; content_open_font_size_last_edited=&#8221;on|phone&#8221; border_style_all_entries_closed=&#8221;none&#8221; border_style_all_entries_open=&#8221;none&#8221; border_width_bottom_entries_open=&#8221;1px&#8221; border_color_bottom_entries_open=&#8221;rgba(21,2,42,0.04)&#8221; border_style_bottom_entries_open=&#8221;solid&#8221; border_color_bottom_title_closed=&#8221;rgba(68,0,153,0.06)&#8221; border_style_all_title_open=&#8221;none&#8221; border_color_bottom_title_open=&#8221;rgba(68,0,153,0)&#8221; border_width_bottom_content_open=&#8221;1px&#8221; border_color_bottom_content_open=&#8221;rgba(21,2,42,0.02)&#8221; border_style_bottom_content_open=&#8221;none&#8221; global_colors_info=&#8221;{}&#8221;][\/dipi_faq][\/et_pb_column][\/et_pb_row][\/et_pb_section][et_pb_section fb_built=&#8221;1&#8243; _builder_version=&#8221;4.27.0&#8243; _module_preset=&#8221;default&#8221; use_background_color_gradient=&#8221;on&#8221; background_color_gradient_stops=&#8221;#f4f8f9 0%|#ffffff 100%&#8221; custom_padding=&#8221;100px||100px||true|false&#8221; global_module=&#8221;25803762&#8243; saved_tabs=&#8221;all&#8221; global_colors_info=&#8221;{}&#8221;][et_pb_row column_structure=&#8221;1_5,3_5,1_5&#8243; _builder_version=&#8221;4.27.0&#8243; _module_preset=&#8221;default&#8221; global_colors_info=&#8221;{}&#8221;][et_pb_column type=&#8221;1_5&#8243; _builder_version=&#8221;4.27.0&#8243; _module_preset=&#8221;default&#8221; global_colors_info=&#8221;{}&#8221;][\/et_pb_column][et_pb_column type=&#8221;3_5&#8243; _builder_version=&#8221;4.27.0&#8243; _module_preset=&#8221;default&#8221; global_colors_info=&#8221;{}&#8221;][et_pb_text _builder_version=&#8221;4.27.0&#8243; _module_preset=&#8221;default&#8221; text_font=&#8221;&#8211;et_global_body_font|700|||||||&#8221; text_font_size=&#8221;64px&#8221; text_orientation=&#8221;center&#8221; text_line_height_tablet=&#8221;&#8221; text_line_height_phone=&#8221;1em&#8221; text_line_height_last_edited=&#8221;on|phone&#8221; global_colors_info=&#8221;{}&#8221;]<\/p>\n<h2>Andere Fragen<\/h2>\n<p>[\/et_pb_text][et_pb_text _builder_version=&#8221;4.27.0&#8243; _module_preset=&#8221;default&#8221; text_orientation=&#8221;center&#8221; global_colors_info=&#8221;{}&#8221;]Z\u00f6gern Sie nicht, uns zu kontaktieren[\/et_pb_text][et_pb_button button_url=&#8221;@ET-DC@eyJkeW5hbWljIjp0cnVlLCJjb250ZW50IjoicG9zdF9saW5rX3VybF9wYWdlIiwic2V0dGluZ3MiOnsicG9zdF9pZCI6IjI4In19@&#8221; button_text=&#8221;Kontaktieren Sie uns&#8221; button_alignment=&#8221;center&#8221; _builder_version=&#8221;4.27.0&#8243; _dynamic_attributes=&#8221;button_url&#8221; _module_preset=&#8221;default&#8221; custom_button=&#8221;on&#8221; button_text_size=&#8221;16px&#8221; button_text_color=&#8221;#FFFFFF&#8221; button_bg_color=&#8221;#2DA81A&#8221; button_border_color=&#8221;#2DA81A&#8221; button_border_radius=&#8221;8px&#8221; button_icon=&#8221;&#x35;||divi||400&#8243; button_on_hover=&#8221;off&#8221; custom_padding=&#8221;16px|25px|16px|25px|true|true&#8221; global_colors_info=&#8221;{}&#8221; button_text_color__hover_enabled=&#8221;on|desktop&#8221; button_text_color__hover=&#8221;#2DA81A&#8221; button_bg_color__hover_enabled=&#8221;on|hover&#8221; button_bg_color__hover=&#8221;RGBA(255,255,255,0)&#8221; button_bg_enable_color__hover=&#8221;on&#8221;][\/et_pb_button][\/et_pb_column][et_pb_column type=&#8221;1_5&#8243; _builder_version=&#8221;4.27.0&#8243; _module_preset=&#8221;default&#8221; global_colors_info=&#8221;{}&#8221;][\/et_pb_column][\/et_pb_row][\/et_pb_section]<\/p>\n","protected":false},"excerpt":{"rendered":"<p>Wir sagen Ihnen allesTransparenz ist der Eckpfeiler des Vertrauensverh\u00e4ltnisses<div class=\"et_pb_module dipi_faq dipi_faq_0\">\n\t\t\t\t\n\t\t\t\t\n\t\t\t\t\n\t\t\t\t\n\t\t\t\t\n\t\t\t\t\n\t\t\t\t<div class=\"et_pb_module_inner\">\n\t\t\t\t\t<div class=\"dipi-faq-wrapper dipi-faq-toggles loading \" style=\"display: none;\" data-config=\"{&quot;layout&quot;:&quot;toggles&quot;}\">\n\t\t\t\t<div class=\"dipi-faq-entry\" data-entry-number=\"0\">\n                        <div class=\"dipi-faq-title\"><i class=\"dipi-faq-icon-open\"><\/i>\n                                    <i class=\"dipi-faq-icon-closed\"><\/i><span>Wie wird der Zinssatz festgelegt<\/span><\/div>\n                        <div class=\"dipi-faq-content\"><div class=\"et_pb_section et_pb_section_1 et_pb_with_background et_section_regular\" >\n\t\t\t\t\n\t\t\t\t\n\t\t\t\t\n\t\t\t\t\n\t\t\t\t\n\t\t\t\t\n\t\t\t\t<div class=\"et_pb_row et_pb_row_0\">\n\t\t\t\t<div class=\"et_pb_column et_pb_column_3_5 et_pb_column_0  et_pb_css_mix_blend_mode_passthrough\">\n\t\t\t\t\n\t\t\t\t\n\t\t\t\t\n\t\t\t\t\n\t\t\t\t<div class=\"et_pb_module et_pb_text et_pb_text_0  et_pb_text_align_left et_pb_bg_layout_light\">\n\t\t\t\t\n\t\t\t\t\n\t\t\t\t\n\t\t\t\t\n\t\t\t\t<div class=\"et_pb_text_inner\"><p>Die verliehenen Mittel stammen von Investoren, die das nationale Wirtschaftsgef\u00fcge und seine KMU unterst\u00fctzen m\u00f6chten. Die gezahlten Zinsen, abz\u00fcglich der Verwaltungsgeb\u00fchren, erm\u00f6glichen die Verg\u00fctung der Investoren. <\/p>\n<p>Der Kredo Debt Fund I steht in direkter Konkurrenz zu einer sehr gro\u00dfen Anzahl von Anlagem\u00f6glichkeiten, die den Anlegern zur Verf\u00fcgung stehen (Aktien, Anleihen, Investmentfonds usw.).<\/p>\n<p> Es muss daher ein Gleichgewicht zwischen allen Parteien gefunden werden, um die Anlagem\u00f6glichkeit attraktiv zu machen und das notwendige Kapital anzuziehen, um die starke Nachfrage nach Krediten von KMU zu befriedigen.<\/p><\/div>\n\t\t\t<\/div>\n\t\t\t<\/div><div class=\"et_pb_column et_pb_column_2_5 et_pb_column_1  et_pb_css_mix_blend_mode_passthrough et-last-child\">\n\t\t\t\t\n\t\t\t\t\n\t\t\t\t\n\t\t\t\t\n\t\t\t\t<div class=\"et_pb_module et_pb_image et_pb_image_0\">\n\t\t\t\t\n\t\t\t\t\n\t\t\t\t\n\t\t\t\t\n\t\t\t\t<span class=\"et_pb_image_wrap \"><img loading=\"lazy\" decoding=\"async\" width=\"691\" height=\"928\" src=\"https:\/\/new.kredo.swiss\/wp-content\/uploads\/2024\/08\/faq_1.png\" alt=\"\" title=\"faq_1\" srcset=\"https:\/\/new.kredo.swiss\/wp-content\/uploads\/2024\/08\/faq_1.png 691w, https:\/\/new.kredo.swiss\/wp-content\/uploads\/2024\/08\/faq_1-480x645.png 480w\" sizes=\"auto, (min-width: 0px) and (max-width: 480px) 480px, (min-width: 481px) 691px, 100vw\" class=\"wp-image-25803711\" \/><\/span>\n\t\t\t<\/div>\n\t\t\t<\/div>\n\t\t\t\t\n\t\t\t\t\n\t\t\t\t\n\t\t\t\t\n\t\t\t<\/div>\n\t\t\t\t\n\t\t\t\t\n\t\t\t<\/div>\n<\/div>\n                    <\/div><div class=\"dipi-faq-entry\" data-entry-number=\"1\">\n                        <div class=\"dipi-faq-title\"><i class=\"dipi-faq-icon-open\"><\/i>\n                                    <i class=\"dipi-faq-icon-closed\"><\/i><span>Warum wird nur an KMU mit etabliertem Gesch\u00e4ftsmodell und mindestens zwei Jahresabschl\u00fcssen und nicht an Start-ups verliehen?<\/span><\/div>\n                        <div class=\"dipi-faq-content\"><div class=\"et_pb_section et_pb_section_3 et_pb_with_background et_section_regular\" >\n\t\t\t\t\n\t\t\t\t\n\t\t\t\t\n\t\t\t\t\n\t\t\t\t\n\t\t\t\t\n\t\t\t\t<div class=\"et_pb_row et_pb_row_1\">\n\t\t\t\t<div class=\"et_pb_column et_pb_column_3_5 et_pb_column_2  et_pb_css_mix_blend_mode_passthrough\">\n\t\t\t\t\n\t\t\t\t\n\t\t\t\t\n\t\t\t\t\n\t\t\t\t<div class=\"et_pb_module et_pb_text et_pb_text_1  et_pb_text_align_left et_pb_bg_layout_light\">\n\t\t\t\t\n\t\t\t\t\n\t\t\t\t\n\t\t\t\t\n\t\t\t\t<div class=\"et_pb_text_inner\"><p>Dies liegt daran, dass das Risiko des Scheiterns bei der Gr\u00fcndung eines Start-up-Unternehmens viel h\u00f6her ist. In der Tat \u00fcberleben 9 von 10 Start-ups nicht. <\/p>\n<p>Der finanzielle Beitrag muss daher anders strukturiert sein (Wandelanleihe, Aktienemission, Eigenkapital usw.) und auf andere Weise als durch die Zahlung von Zinsen verg\u00fctet werden (Dividenden, Anstieg des Aktienkurses, Einfluss auf die Strategie und die Unternehmensf\u00fchrung usw.).<\/p>\n<p> Kredo untersucht jedoch die M\u00f6glichkeit, neue Finanzierungsarten f\u00fcr Start-up-Unternehmen anzubieten.<\/p><\/div>\n\t\t\t<\/div>\n\t\t\t<\/div><div class=\"et_pb_column et_pb_column_2_5 et_pb_column_3  et_pb_css_mix_blend_mode_passthrough et-last-child\">\n\t\t\t\t\n\t\t\t\t\n\t\t\t\t\n\t\t\t\t\n\t\t\t\t<div class=\"et_pb_module et_pb_image et_pb_image_1\">\n\t\t\t\t\n\t\t\t\t\n\t\t\t\t\n\t\t\t\t\n\t\t\t\t<span class=\"et_pb_image_wrap \"><img loading=\"lazy\" decoding=\"async\" width=\"800\" height=\"1041\" src=\"https:\/\/new.kredo.swiss\/wp-content\/uploads\/2024\/08\/faq_2.png\" alt=\"\" title=\"faq_2\" srcset=\"https:\/\/new.kredo.swiss\/wp-content\/uploads\/2024\/08\/faq_2.png 800w, https:\/\/new.kredo.swiss\/wp-content\/uploads\/2024\/08\/faq_2-480x625.png 480w\" sizes=\"auto, (min-width: 0px) and (max-width: 480px) 480px, (min-width: 481px) 800px, 100vw\" class=\"wp-image-25803710\" \/><\/span>\n\t\t\t<\/div>\n\t\t\t<\/div>\n\t\t\t\t\n\t\t\t\t\n\t\t\t\t\n\t\t\t\t\n\t\t\t<\/div>\n\t\t\t\t\n\t\t\t\t\n\t\t\t<\/div>\n<\/div>\n                    <\/div><div class=\"dipi-faq-entry\" data-entry-number=\"2\">\n                        <div class=\"dipi-faq-title\"><i class=\"dipi-faq-icon-open\"><\/i>\n                                    <i class=\"dipi-faq-icon-closed\"><\/i><span>Warum wird die solidarische Verpflichtung des Hauptaktion\u00e4rs verlangt?<\/span><\/div>\n                        <div class=\"dipi-faq-content\"><div class=\"et_pb_section et_pb_section_5 et_pb_with_background et_section_regular\" >\n\t\t\t\t\n\t\t\t\t\n\t\t\t\t\n\t\t\t\t\n\t\t\t\t\n\t\t\t\t\n\t\t\t\t<div class=\"et_pb_row et_pb_row_2\">\n\t\t\t\t<div class=\"et_pb_column et_pb_column_3_5 et_pb_column_4  et_pb_css_mix_blend_mode_passthrough\">\n\t\t\t\t\n\t\t\t\t\n\t\t\t\t\n\t\t\t\t\n\t\t\t\t<div class=\"et_pb_module et_pb_text et_pb_text_2  et_pb_text_align_left et_pb_bg_layout_light\">\n\t\t\t\t\n\t\t\t\t\n\t\t\t\t\n\t\t\t\t\n\t\t\t\t<div class=\"et_pb_text_inner\"><p>Die gesamtschuldnerische Verpflichtungserkl\u00e4rung des Hauptaktion\u00e4rs ist die einzige Sicherheit, die verlangt wird.Warum, wenn der Aktion\u00e4r - Unternehmer bereits seine gesamte Energie und alle Ressourcen in sein KMU investiert?<\/p>\n<p>Wir sind davon \u00fcberzeugt, dass ein Kredit in erster Linie ein Vertrauensverh\u00e4ltnis zwischen den Parteien ist.Der Kreditgeber hat Vertrauen in die F\u00e4higkeit des KMU, den Kredit zur\u00fcckzuzahlen und die Zinsen p\u00fcnktlich zu zahlen.<\/p>\n<p>Im Gegenzug wird vom Hauptaktion\u00e4r verlangt, dass er das Vertrauen in sein Projekt und sein Management demonstriert, indem er den Kredit durch sein pers\u00f6nliches Engagement unterst\u00fctzt. Das ist ein starkes Zeichen.<\/p>\n<p>In der Praxis kommt das verliehene Geld von Investoren, die im Gegenzug Sicherheiten haben m\u00f6chten.<\/p>\n<p>Das solidarische Engagement ist schnell umzusetzen und erm\u00f6glicht es Kredo, bei der Bereitstellung der Mittel sehr reaktiv zu sein.<\/p><\/div>\n\t\t\t<\/div>\n\t\t\t<\/div><div class=\"et_pb_column et_pb_column_2_5 et_pb_column_5  et_pb_css_mix_blend_mode_passthrough et-last-child\">\n\t\t\t\t\n\t\t\t\t\n\t\t\t\t\n\t\t\t\t\n\t\t\t\t<div class=\"et_pb_module et_pb_image et_pb_image_2\">\n\t\t\t\t\n\t\t\t\t\n\t\t\t\t\n\t\t\t\t\n\t\t\t\t<span class=\"et_pb_image_wrap \"><img loading=\"lazy\" decoding=\"async\" width=\"688\" height=\"763\" src=\"https:\/\/new.kredo.swiss\/wp-content\/uploads\/2024\/08\/faq_3.png\" alt=\"\" title=\"faq_3\" srcset=\"https:\/\/new.kredo.swiss\/wp-content\/uploads\/2024\/08\/faq_3.png 688w, https:\/\/new.kredo.swiss\/wp-content\/uploads\/2024\/08\/faq_3-480x532.png 480w\" sizes=\"auto, (min-width: 0px) and (max-width: 480px) 480px, (min-width: 481px) 688px, 100vw\" class=\"wp-image-25803709\" \/><\/span>\n\t\t\t<\/div>\n\t\t\t<\/div>\n\t\t\t\t\n\t\t\t\t\n\t\t\t\t\n\t\t\t\t\n\t\t\t<\/div>\n\t\t\t\t\n\t\t\t\t\n\t\t\t<\/div>\n<\/div>\n                    <\/div><div class=\"dipi-faq-entry\" data-entry-number=\"3\">\n                        <div class=\"dipi-faq-title\"><i class=\"dipi-faq-icon-open\"><\/i>\n                                    <i class=\"dipi-faq-icon-closed\"><\/i><span>Warum wird eine Strukturierrungsgeb\u00fchr verlangt?<\/span><\/div>\n                        <div class=\"dipi-faq-content\"><div class=\"et_pb_section et_pb_section_7 et_pb_with_background et_section_regular\" >\n\t\t\t\t\n\t\t\t\t\n\t\t\t\t\n\t\t\t\t\n\t\t\t\t\n\t\t\t\t\n\t\t\t\t<div class=\"et_pb_row et_pb_row_3\">\n\t\t\t\t<div class=\"et_pb_column et_pb_column_3_5 et_pb_column_6  et_pb_css_mix_blend_mode_passthrough\">\n\t\t\t\t\n\t\t\t\t\n\t\t\t\t\n\t\t\t\t\n\t\t\t\t<div class=\"et_pb_module et_pb_text et_pb_text_3  et_pb_text_align_left et_pb_bg_layout_light\">\n\t\t\t\t\n\t\t\t\t\n\t\t\t\t\n\t\t\t\t\n\t\t\t\t<div class=\"et_pb_text_inner\"><p>Sie wird nach dem Kreditbetrag berechnet und vom Kreditnehmer nur dann gezahlt, wenn der Kredit bewilligt wird. Kredo verpflichtet sich zu einem unternehmerischen, menschlichen und beratungsorientierten Ansatz bei einem Gespr\u00e4ch und einem Besuch des Unternehmens.<\/p>\n<p>Unser Ziel ist es, den gr\u00f6\u00dftm\u00f6glichen Mehrwert bei der Strukturierung des Kredits zu erzielen und die Erfolgschancen zu maximieren. Die Gespr\u00e4che werden von erfahrenen Fachleuten gef\u00fchrt.<\/p>\n<p>Gleichzeitig hat Kredo wie jedes KMU Betriebskosten, die gedeckt werden m\u00fcssen, wenn es seine Dienstleistungen langfristig anbieten will (Kosten f\u00fcr die Plattform, IT-Kosten, Geh\u00e4lter f\u00fcr das Personal, das die Kreditantr\u00e4ge analysiert, usw.). Die Strukturierungsgeb\u00fchr ist die Haupteinnahmequelle von Kredo und deckt die Betriebskosten.<\/p>\n<p>Die von den KMU f\u00fcr ihre Kredite gezahlten Zinsen erm\u00f6glichen es, die Investoren, die die Mittel verleihen, zu entsch\u00e4digen. Dieses System erm\u00f6glicht es, bei der Bereitstellung der Mittel wesentlich schneller zu reagieren.<\/p>\n<p>Das KMU erh\u00e4lt sehr schnell Zugang zu Finanzmitteln und Kredo besucht das Unternehmen, was ihm viele Unannehmlichkeiten erspart und Zeit spart. Das KMU kann sich auf das konzentrieren, was es am besten kann: sein Gesch\u00e4ft!<\/p><\/div>\n\t\t\t<\/div>\n\t\t\t<\/div><div class=\"et_pb_column et_pb_column_2_5 et_pb_column_7  et_pb_css_mix_blend_mode_passthrough et-last-child\">\n\t\t\t\t\n\t\t\t\t\n\t\t\t\t\n\t\t\t\t\n\t\t\t\t<div class=\"et_pb_module et_pb_image et_pb_image_3\">\n\t\t\t\t\n\t\t\t\t\n\t\t\t\t\n\t\t\t\t\n\t\t\t\t<span class=\"et_pb_image_wrap \"><img loading=\"lazy\" decoding=\"async\" width=\"647\" height=\"884\" src=\"https:\/\/new.kredo.swiss\/wp-content\/uploads\/2024\/08\/faq_4.png\" alt=\"\" title=\"faq_4\" srcset=\"https:\/\/new.kredo.swiss\/wp-content\/uploads\/2024\/08\/faq_4.png 647w, https:\/\/new.kredo.swiss\/wp-content\/uploads\/2024\/08\/faq_4-480x656.png 480w\" sizes=\"auto, (min-width: 0px) and (max-width: 480px) 480px, (min-width: 481px) 647px, 100vw\" class=\"wp-image-25803708\" \/><\/span>\n\t\t\t<\/div>\n\t\t\t<\/div>\n\t\t\t\t\n\t\t\t\t\n\t\t\t\t\n\t\t\t\t\n\t\t\t<\/div>\n\t\t\t\t\n\t\t\t\t\n\t\t\t<\/div>\n<\/div>\n                    <\/div>\n\t\t\t<\/div>\n\t\t\t\t<\/div>\n\t\t\t<\/div><\/p>\n","protected":false},"author":1,"featured_media":0,"parent":0,"menu_order":0,"comment_status":"closed","ping_status":"closed","template":"","meta":{"_et_pb_use_builder":"on","_et_pb_old_content":"","_et_gb_content_width":"","footnotes":""},"dipi_cpt_category":[],"class_list":["post-25980460","page","type-page","status-publish","hentry"],"yoast_head":"<!-- This site is optimized with the Yoast SEO plugin v23.5 - https:\/\/yoast.com\/wordpress\/plugins\/seo\/ -->\n<title>FAQ \u2013 Kredo<\/title>\n<meta name=\"robots\" content=\"noindex, follow, max-snippet:-1, max-image-preview:large, max-video-preview:-1\" \/>\n<meta property=\"og:locale\" content=\"de_DE\" \/>\n<meta property=\"og:type\" content=\"article\" \/>\n<meta property=\"og:title\" content=\"FAQ \u2013 Kredo\" \/>\n<meta property=\"og:description\" content=\"Wir sagen Ihnen allesTransparenz ist der Eckpfeiler des Vertrauensverh\u00e4ltnisses\" \/>\n<meta property=\"og:url\" content=\"https:\/\/new.kredo.swiss\/de\/wir-sagen-ihnen-alles\/\" \/>\n<meta property=\"og:site_name\" content=\"Kredo\" \/>\n<meta property=\"article:modified_time\" content=\"2024-09-23T16:03:32+00:00\" \/>\n<meta name=\"twitter:card\" content=\"summary_large_image\" \/>\n<meta name=\"twitter:label1\" content=\"Gesch\u00e4tzte Lesezeit\" \/>\n\t<meta name=\"twitter:data1\" content=\"4\u00a0Minuten\" \/>\n<script type=\"application\/ld+json\" class=\"yoast-schema-graph\">{\"@context\":\"https:\/\/schema.org\",\"@graph\":[{\"@type\":\"WebPage\",\"@id\":\"https:\/\/new.kredo.swiss\/de\/wir-sagen-ihnen-alles\/\",\"url\":\"https:\/\/new.kredo.swiss\/de\/wir-sagen-ihnen-alles\/\",\"name\":\"FAQ \u2013 Kredo\",\"isPartOf\":{\"@id\":\"https:\/\/new.kredo.swiss\/de\/#website\"},\"datePublished\":\"2024-07-31T13:18:27+00:00\",\"dateModified\":\"2024-09-23T16:03:32+00:00\",\"breadcrumb\":{\"@id\":\"https:\/\/new.kredo.swiss\/de\/wir-sagen-ihnen-alles\/#breadcrumb\"},\"inLanguage\":\"de\",\"potentialAction\":[{\"@type\":\"ReadAction\",\"target\":[\"https:\/\/new.kredo.swiss\/de\/wir-sagen-ihnen-alles\/\"]}]},{\"@type\":\"BreadcrumbList\",\"@id\":\"https:\/\/new.kredo.swiss\/de\/wir-sagen-ihnen-alles\/#breadcrumb\",\"itemListElement\":[{\"@type\":\"ListItem\",\"position\":1,\"name\":\"Accueil\",\"item\":\"https:\/\/new.kredo.swiss\/de\/\"},{\"@type\":\"ListItem\",\"position\":2,\"name\":\"Wir sagen Ihnen alles\"}]},{\"@type\":\"WebSite\",\"@id\":\"https:\/\/new.kredo.swiss\/de\/#website\",\"url\":\"https:\/\/new.kredo.swiss\/de\/\",\"name\":\"Kredo\",\"description\":\"Kredit f\u00fcr Ihre Ambitionen\",\"publisher\":{\"@id\":\"https:\/\/new.kredo.swiss\/de\/#organization\"},\"potentialAction\":[{\"@type\":\"SearchAction\",\"target\":{\"@type\":\"EntryPoint\",\"urlTemplate\":\"https:\/\/new.kredo.swiss\/de\/?s={search_term_string}\"},\"query-input\":{\"@type\":\"PropertyValueSpecification\",\"valueRequired\":true,\"valueName\":\"search_term_string\"}}],\"inLanguage\":\"de\"},{\"@type\":\"Organization\",\"@id\":\"https:\/\/new.kredo.swiss\/de\/#organization\",\"name\":\"Kredo\",\"url\":\"https:\/\/new.kredo.swiss\/de\/\",\"logo\":{\"@type\":\"ImageObject\",\"inLanguage\":\"de\",\"@id\":\"https:\/\/new.kredo.swiss\/de\/#\/schema\/logo\/image\/\",\"url\":\"https:\/\/new.kredo.swiss\/wp-content\/uploads\/2024\/08\/Pantone_Kredo_logo_wordmark.png\",\"contentUrl\":\"https:\/\/new.kredo.swiss\/wp-content\/uploads\/2024\/08\/Pantone_Kredo_logo_wordmark.png\",\"width\":1113,\"height\":209,\"caption\":\"Kredo\"},\"image\":{\"@id\":\"https:\/\/new.kredo.swiss\/de\/#\/schema\/logo\/image\/\"},\"sameAs\":[\"https:\/\/ch.linkedin.com\/company\/kredo-swiss\"]}]}<\/script>\n<!-- \/ Yoast SEO plugin. -->","yoast_head_json":{"title":"FAQ \u2013 Kredo","robots":{"index":"noindex","follow":"follow","max-snippet":"max-snippet:-1","max-image-preview":"max-image-preview:large","max-video-preview":"max-video-preview:-1"},"og_locale":"de_DE","og_type":"article","og_title":"FAQ \u2013 Kredo","og_description":"Wir sagen Ihnen allesTransparenz ist der Eckpfeiler des Vertrauensverh\u00e4ltnisses","og_url":"https:\/\/new.kredo.swiss\/de\/wir-sagen-ihnen-alles\/","og_site_name":"Kredo","article_modified_time":"2024-09-23T16:03:32+00:00","twitter_card":"summary_large_image","twitter_misc":{"Gesch\u00e4tzte Lesezeit":"4\u00a0Minuten"},"schema":{"@context":"https:\/\/schema.org","@graph":[{"@type":"WebPage","@id":"https:\/\/new.kredo.swiss\/de\/wir-sagen-ihnen-alles\/","url":"https:\/\/new.kredo.swiss\/de\/wir-sagen-ihnen-alles\/","name":"FAQ \u2013 Kredo","isPartOf":{"@id":"https:\/\/new.kredo.swiss\/de\/#website"},"datePublished":"2024-07-31T13:18:27+00:00","dateModified":"2024-09-23T16:03:32+00:00","breadcrumb":{"@id":"https:\/\/new.kredo.swiss\/de\/wir-sagen-ihnen-alles\/#breadcrumb"},"inLanguage":"de","potentialAction":[{"@type":"ReadAction","target":["https:\/\/new.kredo.swiss\/de\/wir-sagen-ihnen-alles\/"]}]},{"@type":"BreadcrumbList","@id":"https:\/\/new.kredo.swiss\/de\/wir-sagen-ihnen-alles\/#breadcrumb","itemListElement":[{"@type":"ListItem","position":1,"name":"Accueil","item":"https:\/\/new.kredo.swiss\/de\/"},{"@type":"ListItem","position":2,"name":"Wir sagen Ihnen alles"}]},{"@type":"WebSite","@id":"https:\/\/new.kredo.swiss\/de\/#website","url":"https:\/\/new.kredo.swiss\/de\/","name":"Kredo","description":"Kredit f\u00fcr Ihre Ambitionen","publisher":{"@id":"https:\/\/new.kredo.swiss\/de\/#organization"},"potentialAction":[{"@type":"SearchAction","target":{"@type":"EntryPoint","urlTemplate":"https:\/\/new.kredo.swiss\/de\/?s={search_term_string}"},"query-input":{"@type":"PropertyValueSpecification","valueRequired":true,"valueName":"search_term_string"}}],"inLanguage":"de"},{"@type":"Organization","@id":"https:\/\/new.kredo.swiss\/de\/#organization","name":"Kredo","url":"https:\/\/new.kredo.swiss\/de\/","logo":{"@type":"ImageObject","inLanguage":"de","@id":"https:\/\/new.kredo.swiss\/de\/#\/schema\/logo\/image\/","url":"https:\/\/new.kredo.swiss\/wp-content\/uploads\/2024\/08\/Pantone_Kredo_logo_wordmark.png","contentUrl":"https:\/\/new.kredo.swiss\/wp-content\/uploads\/2024\/08\/Pantone_Kredo_logo_wordmark.png","width":1113,"height":209,"caption":"Kredo"},"image":{"@id":"https:\/\/new.kredo.swiss\/de\/#\/schema\/logo\/image\/"},"sameAs":["https:\/\/ch.linkedin.com\/company\/kredo-swiss"]}]}},"_links":{"self":[{"href":"https:\/\/new.kredo.swiss\/de\/wp-json\/wp\/v2\/pages\/25980460","targetHints":{"allow":["GET"]}}],"collection":[{"href":"https:\/\/new.kredo.swiss\/de\/wp-json\/wp\/v2\/pages"}],"about":[{"href":"https:\/\/new.kredo.swiss\/de\/wp-json\/wp\/v2\/types\/page"}],"author":[{"embeddable":true,"href":"https:\/\/new.kredo.swiss\/de\/wp-json\/wp\/v2\/users\/1"}],"replies":[{"embeddable":true,"href":"https:\/\/new.kredo.swiss\/de\/wp-json\/wp\/v2\/comments?post=25980460"}],"version-history":[{"count":15,"href":"https:\/\/new.kredo.swiss\/de\/wp-json\/wp\/v2\/pages\/25980460\/revisions"}],"predecessor-version":[{"id":25981165,"href":"https:\/\/new.kredo.swiss\/de\/wp-json\/wp\/v2\/pages\/25980460\/revisions\/25981165"}],"wp:attachment":[{"href":"https:\/\/new.kredo.swiss\/de\/wp-json\/wp\/v2\/media?parent=25980460"}],"wp:term":[{"taxonomy":"dipi_cpt_category","embeddable":true,"href":"https:\/\/new.kredo.swiss\/de\/wp-json\/wp\/v2\/dipi_cpt_category?post=25980460"}],"curies":[{"name":"wp","href":"https:\/\/api.w.org\/{rel}","templated":true}]}}