{"id":25980622,"date":"2024-08-12T11:23:11","date_gmt":"2024-08-12T09:23:11","guid":{"rendered":"https:\/\/new.kredo.swiss\/datenschutzrichtlinie\/"},"modified":"2024-09-17T18:06:44","modified_gmt":"2024-09-17T16:06:44","slug":"datenschutzrichtlinie","status":"publish","type":"page","link":"https:\/\/new.kredo.swiss\/de\/datenschutzrichtlinie\/","title":{"rendered":"Datenschutzerkl\u00e4rung"},"content":{"rendered":"<p>[et_pb_section fb_built=&#8221;1&#8243; _builder_version=&#8221;4.27.0&#8243; _module_preset=&#8221;default&#8221; background_color=&#8221;#F4F8F9&#8243; custom_padding=&#8221;200px||||false|false&#8221; global_colors_info=&#8221;{}&#8221; theme_builder_area=&#8221;post_content&#8221;][et_pb_row _builder_version=&#8221;4.27.0&#8243; _module_preset=&#8221;default&#8221; width=&#8221;100%&#8221; max_width=&#8221;85%&#8221; global_colors_info=&#8221;{}&#8221; theme_builder_area=&#8221;post_content&#8221;][et_pb_column type=&#8221;4_4&#8243; _builder_version=&#8221;4.27.0&#8243; _module_preset=&#8221;default&#8221; global_colors_info=&#8221;{}&#8221; theme_builder_area=&#8221;post_content&#8221;][et_pb_text _builder_version=&#8221;4.27.0&#8243; _module_preset=&#8221;default&#8221; hover_enabled=&#8221;0&#8243; global_colors_info=&#8221;{}&#8221; theme_builder_area=&#8221;post_content&#8221; sticky_enabled=&#8221;0&#8243;]<\/p>\n<h1>Datenschutzerkl\u00e4rung<\/h1>\n<p>[\/et_pb_text][\/et_pb_column][\/et_pb_row][et_pb_row _builder_version=&#8221;4.27.0&#8243; _module_preset=&#8221;default&#8221; width=&#8221;100%&#8221; max_width=&#8221;85%&#8221; hover_enabled=&#8221;0&#8243; global_colors_info=&#8221;{}&#8221; theme_builder_area=&#8221;post_content&#8221; sticky_enabled=&#8221;0&#8243;][et_pb_column type=&#8221;4_4&#8243; _builder_version=&#8221;4.27.0&#8243; _module_preset=&#8221;default&#8221; global_colors_info=&#8221;{}&#8221; theme_builder_area=&#8221;post_content&#8221;][et_pb_text _builder_version=&#8221;4.27.0&#8243; _module_preset=&#8221;default&#8221; hover_enabled=&#8221;0&#8243; global_colors_info=&#8221;{}&#8221; theme_builder_area=&#8221;post_content&#8221; sticky_enabled=&#8221;0&#8243;]<\/p>\n<div class=\"points\">\n<h5>1. Einf\u00fchrung<\/h5>\n<p>Kredo SA mit Sitz in Avenue Charles-Ferdinand-Ramuz 60, 1009 Pully (nachfolgend &#8220;Kredo SA&#8221;, &#8220;wir&#8221;, &#8220;uns&#8221;, &#8220;unser&#8221;) bietet Kreditvermittlungsdienste an und betreibt zu diesem Zweck eine Kreditvermittlungsplattform (nachfolgend die &#8220;Plattform&#8221;), die \u00fcber die Website www.kredo.swiss (nachfolgend die &#8220;Website&#8221;) zug\u00e4nglich ist, auf der auch Inhalte in Bezug auf die Dienstleistungen von Kredo SA angeboten werden.<\/p>\n<p>Um unsere Dienstleistungen erbringen und unsere Website betreiben zu k\u00f6nnen, sammeln, verwenden und \u00fcbermitteln wir eine Reihe von personenbezogenen Daten \u00fcber Sie.<br \/>\nWenn wir von personenbezogenen Daten sprechen, beziehen wir uns auf personenbezogene Daten im Sinne des Bundesgesetzes \u00fcber den Datenschutz (DSG ).<br \/>\nDies sind alle Informationen, die es uns erm\u00f6glichen, Sie unmittelbar oder in Kombination mit anderen Informationen zu identifizieren.<br \/>\nIn dieser Hinsicht sind wir der Verantwortliche f\u00fcr die Verarbeitung der personenbezogenen Daten.   <\/p>\n<p>Diese Datenschutzrichtlinie (nachfolgend: die &#8220;Richtlinie&#8221;) beschreibt die Bedingungen, unter denen wir Ihre Daten verarbeiten, sowie die Wahlm\u00f6glichkeiten, die Ihnen in Bezug auf die Erhebung, Nutzung und Weitergabe dieser personenbezogenen Daten gem\u00e4\u00df dem DSG zur Verf\u00fcgung stehen.<\/p>\n<p>Durch die Inanspruchnahme unserer Dienstleistungen und\/oder den Zugriff auf die Website best\u00e4tigen Sie, dass Sie diese Richtlinie gelesen und verstanden haben und damit einverstanden sind, dass Sie allen Bedingungen dieser Richtlinie unterliegen.<\/p>\n<p>&nbsp;<\/p>\n<\/div>\n<div class=\"points\">\n<h5>2. Verarbeitung von pers\u00f6nlichen Daten<\/h5>\n<p>&nbsp;<\/p>\n<h5>2.1 Navigation auf der Website<\/h5>\n<h6>2.1.1 Daten, die verarbeitet werden k\u00f6nnen<\/h6>\n<p>Wenn Sie auf der Website navigieren und mit ihr interagieren, sammeln wir Daten \u00fcber Ihre Aktionen (z.B. welche Links angeklickt wurden, welche Seiten Sie sich angesehen haben) sowie andere \u00e4hnliche Daten und Statistiken (z.B. Reaktionszeiten von Inhalten, Download-Fehler, Verweildauer auf bestimmten Seiten, Art des verwendeten Browsers oder Ort der Verbindung).<br \/>\nUm diese Informationen zu sammeln, verwenden wir automatisierte Datenerfassungstechnologien wie Cookies oder Web Beacons. <\/p>\n<p>Cookies sind Textdateien, die Personen identifizieren k\u00f6nnen, die auf einer Website surfen, und die pers\u00f6nliche Pr\u00e4ferenzen (z.B. Sprachwahl) und technische Informationen (z.B. Klick- und Pfaddaten) speichern k\u00f6nnen.<br \/>Web Beacons oder Clear GIFs sind sehr kleine, transparente Bilder (1 Pixel mal 1 Pixel), die in eine Website integriert werden.<br \/>\nSie sammeln Informationen \u00fcber die Aktivit\u00e4ten der Besucher der Website, wie z.B. das verwendete Betriebssystem, den verwendeten Browser, die IP-Adresse oder die auf der Website verbrachte Zeit. <\/p>\n<p>F\u00fcr den Betrieb der Website k\u00f6nnen wir mit Drittunternehmen zusammenarbeiten, die Cookies oder Web Beacons auf der Website platzieren (einschlie\u00dflich Google Analytics).<br \/>\nDiese Unternehmen helfen uns bei der Verwaltung der Website und bieten zus\u00e4tzliche Produkte und Dienstleistungen an.<br \/>\nDie Nutzung dieser Technologien durch diese Dritten unterliegt ihren eigenen Bedingungen f\u00fcr die Verarbeitung personenbezogener Daten und ist nicht Gegenstand dieser Richtlinie.<br \/>Die verschiedenen Kategorien von Cookies, die auf der Website verwendet werden, sind in unserem Cookie-Manager aufgelistet, der durch Klicken auf das Symbol in der linken unteren Ecke Ihres Bildschirms aufgerufen werden kann <img loading=\"lazy\" decoding=\"async\" class=\"alignnone size-full wp-image-458\" src=\"https:\/\/www.kredo.swiss\/wp-content\/uploads\/2023\/03\/Cookies_Gestionnaire.png\" alt=\"\" width=\"54\" height=\"55\">.  <\/p>\n<h4>2.1.2 Zweck der Verarbeitung<\/h4>\n<p>Wir verwenden Cookies und Web Beacons, um die grundlegenden Funktionen der Website bereitzustellen, bestimmte andere Funktionen der Website auszuf\u00fchren, zu verstehen, wie Besucher mit der Website interagieren, die wichtigsten Leistungskennzahlen der Website zu verstehen und zu analysieren, um den Besuchern eine bessere Erfahrung zu bieten und um personalisierte Werbung zu liefern und die Wirksamkeit von Werbekampagnen zu analysieren.<\/p>\n<h4>2.1.3 Wahlm\u00f6glichkeiten in Bezug auf Cookies<\/h4>\n<p>Sie k\u00f6nnen Ihre Cookie-Pr\u00e4ferenzen jederzeit mit Hilfe unseres Cookie-Managers einstellen, indem Sie auf das Symbol unten links auf Ihrem Bildschirm klicken <img loading=\"lazy\" decoding=\"async\" class=\"alignnone size-full wp-image-458\" src=\"https:\/\/www.kredo.swiss\/wp-content\/uploads\/2023\/03\/Cookies_Gestionnaire.png\" alt=\"\" width=\"54\" height=\"55\">.<\/p>\n<h3>2.2 Einrichtung eines Kontos<\/h3>\n<h4>2.2.1 Daten, die verarbeitet werden k\u00f6nnen<\/h4>\n<p>Wenn Sie auf unserer Website ein Konto f\u00fcr die Nutzung der Plattform einrichten, werden Sie aufgefordert, eine g\u00fcltige E-Mail-Adresse und ein Passwort anzugeben.<\/p>\n<h4>2.2.2 Zweck der Verarbeitung<\/h4>\n<p>Wir verwenden Ihre E-Mail-Adresse und Ihr Passwort, um Ihnen ein Konto zur Verf\u00fcgung zu stellen, Sie zu identifizieren und mit Ihnen zu kommunizieren.<\/p>\n<h3>2.3 Kreditvermittlung<\/h3>\n<h4>2.3.1 Daten, die verarbeitet werden k\u00f6nnen<\/h4>\n<p>Wenn Sie unsere Vermittlungsdienste in Anspruch nehmen, um einen Kredit f\u00fcr ein Unternehmen zu erhalten, sammeln wir die folgenden Informationen \u00fcber Sie:<\/p>\n<ul>\n<li>H\u00f6he des beantragten Darlehens ;<\/li>\n<li>Gew\u00fcnschte Laufzeit des Darlehens ;<\/li>\n<li>Gesellschaftszweck des Unternehmens und Industrie ;<\/li>\n<li>Vorgesehene Verwendung des Darlehensbetrags ;<\/li>\n<li>Kontoinformationen (Bank und IBAN des Hauptgesch\u00e4ftskontos) ;<\/li>\n<li>Daten \u00fcber die Direktoren und wirtschaftlich Berechtigten des Unternehmens :<\/li>\n<li>Vor- und Nachname ;<\/li>\n<li>Geschlecht ;<\/li>\n<li>Adresse ;<\/li>\n<li>Telefonnummer ;<\/li>\n<li>E-Mail-Adresse ;<\/li>\n<li>Geburtsdatum ;<\/li>\n<li>Nationalit\u00e4t ;<\/li>\n<li>Recht auf Unterzeichnung.<\/li>\n<\/ul>\n<p>Wir sammeln auch die folgenden Informationen \u00fcber das Unternehmen, f\u00fcr das der Kredit beantragt wird:<\/p>\n<ul>\n<li>Name, Adresse und Sitz des Unternehmens ;<\/li>\n<li>Gesellschaftsform (AG, GmbH oder Einzelfirma) ;<\/li>\n<li>Anzahl der Besch\u00e4ftigten ;<\/li>\n<li>Dauer des Bestehens des Unternehmens ;<\/li>\n<li>T\u00e4tigkeitsbereich ;<\/li>\n<li>Vertretungsbefugnis ;<\/li>\n<li>Handelsregistereintragungsnummer ;<\/li>\n<li>Informationen \u00fcber das wirtschaftliche Eigentum, den Umsatz, die Bilanzen und die Gewinn- und Verlustrechnung f\u00fcr die letzten zwei Jahre;<\/li>\n<li>Informationen \u00fcber die Lage des Unternehmens und die Beteiligungen ;<\/li>\n<li>Informationen \u00fcber die Verwalter.<\/li>\n<\/ul>\n<h4>2.3.2 Zweck der Verarbeitung<\/h4>\n<p>Wir verwenden die in Abschnitt 2.3.1 genannten Daten, um :<\/p>\n<ul>\n<li>die Bonit\u00e4t des Unternehmens, f\u00fcr das der Kredit beantragt wird, zu pr\u00fcfen;<\/li>\n<li>unsere gesetzlichen Verpflichtungen und Sorgfaltspflichten zu erf\u00fcllen, insbesondere durch \u00dcberpr\u00fcfung der Identit\u00e4t von Personen und ihres Status (Sanktionslisten, Status politisch exponierter Personen, Blacklists oder Watchlists usw.);<\/li>\n<li>beurteilen, ob eine Kreditempfehlung abgegeben werden kann;<\/li>\n<li>den Kreditvertrag verhandeln, \u00fcberwachen und verwalten;<\/li>\n<li>den Abschluss und die Ausf\u00fchrung des Vertrags mit dem Fonds, der den Kredit gew\u00e4hrt, erm\u00f6glichen.<\/li>\n<\/ul>\n<p>&nbsp;<\/p>\n<\/div>\n<div class=\"points\">\n<h5>3. Erhebung von pers\u00f6nlichen Daten \u00fcber Dritte<\/h5>\n<p>&nbsp;<\/p>\n<p>Wenn Sie uns personenbezogene Daten \u00fcber einen Dritten (z.B. einen Gesch\u00e4ftsf\u00fchrer des Unternehmens, f\u00fcr das der Kredit beantragt wird) \u00fcbermitteln, best\u00e4tigen und garantieren Sie, dass Sie in \u00dcbereinstimmung mit dem geltenden Recht handeln und dass die betroffene Person gem\u00e4\u00df dieser Richtlinie informiert wurde.<\/p>\n<p>&nbsp;<\/p>\n<\/div>\n<div class=\"points\">\n<h5>4. Mitteilung der pers\u00f6nlichen Daten<\/h5>\n<p>&nbsp;<\/p>\n<h3>4.1 Vergabe von Unterauftr\u00e4gen<\/h3>\n<p>Wir k\u00f6nnen externe Dienstleister als Auftragsverarbeiter einsetzen, insbesondere Anbieter von Verwaltungs- und IT-Dienstleistungen und von Bonit\u00e4tspr\u00fcfungen.<\/p>\n<p>Pers\u00f6nliche Daten werden an Subunternehmer nur in dem Umfang weitergegeben, der f\u00fcr die Durchf\u00fchrung der ihnen \u00fcbertragenen Aufgaben erforderlich ist.<\/p>\n<h3>4.2 Kommunikation mit Dritten<\/h3>\n<p>Wir k\u00f6nnen Ihre pers\u00f6nlichen Daten an Unternehmen und Organisationen weitergeben, die an der Kreditvergabe beteiligt sind, insbesondere an Teylor AG, Kredo Debt Fund I, New Debt S\u00e0rl und AIFM RSM Fund Management Luxembourg.<\/p>\n<p>Wir k\u00f6nnen Ihre Daten auch an andere Dritte weitergeben.<br \/>\n(i) wenn dies zur Verfolgung der Zwecke, f\u00fcr die Sie uns Ihre Daten freiwillig zur Verf\u00fcgung gestellt haben, erforderlich ist (einschlie\u00dflich Identit\u00e4ts- und Bonit\u00e4tspr\u00fcfungen),<br \/>\n(ii) wenn Sie vorher eingewilligt haben oder (iii) wenn Sie Ihre Zustimmung gegeben haben.<br \/>\n(iii) wenn wir gesetzlich dazu berechtigt oder verpflichtet sind (z.B. auf Antrag einer Justizbeh\u00f6rde, um unsere Rechte vor Gericht geltend zu machen oder um eine Forderung mit Hilfe eines Inkassodienstes einzutreiben).   <\/p>\n<h3>4.3 Transfer ins Ausland<\/h3>\n<p>Pers\u00f6nliche Daten werden in der Schweiz und in den folgenden L\u00e4ndern verarbeitet: Luxemburg, Deutschland und Belgien.<\/p>\n<p>Die Daten k\u00f6nnen auch in andere Staaten \u00fcbermittelt werden, wenn dies angemessen ist.<br \/>\nWir werden dann die geltenden Vorschriften einhalten und die erforderlichen und notwendigen Ma\u00dfnahmen ergreifen, bevor wir personenbezogene Daten ins Ausland \u00fcbermitteln. <\/p>\n<p>&nbsp;<\/p>\n<\/div>\n<div class=\"points\">\n<h5>5. Sicherheit und Vertraulichkeit pers\u00f6nlicher Daten<\/h5>\n<p>&nbsp;<\/p>\n<p>Obwohl es keine vollst\u00e4ndige Sicherheit gibt, wurden unter Ber\u00fccksichtigung der Risiken Sicherheitsma\u00dfnahmen (technischer und organisatorischer Art) nach dem Stand der Technik getroffen, um Ihre pers\u00f6nlichen Daten gegen zuf\u00e4llige oder vors\u00e4tzliche Manipulation, Verlust, Zerst\u00f6rung, Offenlegung oder gegen unbefugten Zugriff zu sch\u00fctzen.<\/p>\n<p>&nbsp;<\/p>\n<\/div>\n<div class=\"points\">\n<h5>6. Gerichtsstand und anwendbares Recht<\/h5>\n<p>&nbsp;<\/p>\n<p>Die Richtlinie und alle sich daraus ergebenden oder damit zusammenh\u00e4ngenden Fragen sowie die Nutzung unserer Website oder die Inanspruchnahme unserer Dienstleistungen unterliegen dem Schweizer Recht, unter Ausschluss der Kollisionsnormen.<\/p>\n<p>Sie erkl\u00e4ren sich mit der ausschlie\u00dflichen Zust\u00e4ndigkeit der Gerichte von Lausanne, Schweiz, einverstanden.<\/p>\n<p>&nbsp;<\/p>\n<\/div>\n<div class=\"points\">\n<h5>7. Aktualisierung unserer Politik<\/h5>\n<p>&nbsp;<\/p>\n<p>Wir k\u00f6nnen diese Richtlinie von Zeit zu Zeit ohne vorherige Ank\u00fcndigung aktualisieren.<\/p>\n<p>Wir werden versuchen, Sie auf wesentliche \u00c4nderungen aufmerksam zu machen.<br \/>\nWenn Sie uns Ihre E-Mail-Adresse mitgeteilt haben, werden Sie gegebenenfalls per E-Mail \u00fcber die neue Richtlinie informiert.<br \/>\nDie neue Richtlinie wird auch auf der Website verf\u00fcgbar sein.  <\/p>\n<p>Die Inanspruchnahme unserer Leistungen nach einer \u00c4nderung der Politik stellt eine ausdr\u00fcckliche Annahme der \u00c4nderungen dar, ebenso wie die fortgesetzte Nutzung unserer Website.<\/p>\n<p>&nbsp;<\/p>\n<\/div>\n<div class=\"points\">\n<h5>8. Kontakt<\/h5>\n<p>Wenn Sie Fragen zu dieser Datenschutzrichtlinie haben, k\u00f6nnen Sie uns per E-Mail an sos@kredo.swiss oder schriftlich an Avenue Charles-Ferdinand-Ramuz 60, 1009 Pully kontaktieren.<\/p>\n<\/div>\n<p>[\/et_pb_text][\/et_pb_column][\/et_pb_row][\/et_pb_section]<\/p>\n","protected":false},"excerpt":{"rendered":"<p>Datenschutzerkl\u00e4rung 1. Einf\u00fchrung Kredo SA mit Sitz in Avenue Charles-Ferdinand-Ramuz 60, 1009 Pully (nachfolgend &#8220;Kredo SA&#8221;, &#8220;wir&#8221;, &#8220;uns&#8221;, &#8220;unser&#8221;) bietet Kreditvermittlungsdienste an und betreibt zu diesem Zweck eine Kreditvermittlungsplattform (nachfolgend die &#8220;Plattform&#8221;), die \u00fcber die Website www.kredo.swiss (nachfolgend die &#8220;Website&#8221;) zug\u00e4nglich ist, auf der auch Inhalte in Bezug auf die Dienstleistungen von Kredo SA angeboten [&hellip;]<\/p>\n","protected":false},"author":1,"featured_media":0,"parent":0,"menu_order":0,"comment_status":"closed","ping_status":"closed","template":"","meta":{"_et_pb_use_builder":"on","_et_pb_old_content":"","_et_gb_content_width":"","footnotes":""},"dipi_cpt_category":[],"class_list":["post-25980622","page","type-page","status-publish","hentry"],"yoast_head":"<!-- This site is optimized with the Yoast SEO plugin v23.5 - https:\/\/yoast.com\/wordpress\/plugins\/seo\/ -->\n<title>Datenschutzerkl\u00e4rung - Kredo<\/title>\n<meta name=\"robots\" content=\"noindex, follow, max-snippet:-1, max-image-preview:large, max-video-preview:-1\" \/>\n<meta property=\"og:locale\" content=\"de_DE\" \/>\n<meta property=\"og:type\" content=\"article\" \/>\n<meta property=\"og:title\" content=\"Datenschutzerkl\u00e4rung - Kredo\" \/>\n<meta property=\"og:description\" content=\"Datenschutzerkl\u00e4rung 1. Einf\u00fchrung Kredo SA mit Sitz in Avenue Charles-Ferdinand-Ramuz 60, 1009 Pully (nachfolgend &quot;Kredo SA&quot;, &quot;wir&quot;, &quot;uns&quot;, &quot;unser&quot;) bietet Kreditvermittlungsdienste an und betreibt zu diesem Zweck eine Kreditvermittlungsplattform (nachfolgend die &quot;Plattform&quot;), die \u00fcber die Website www.kredo.swiss (nachfolgend die &quot;Website&quot;) zug\u00e4nglich ist, auf der auch Inhalte in Bezug auf die Dienstleistungen von Kredo SA angeboten [&hellip;]\" \/>\n<meta property=\"og:url\" content=\"https:\/\/new.kredo.swiss\/de\/datenschutzrichtlinie\/\" \/>\n<meta property=\"og:site_name\" content=\"Kredo\" \/>\n<meta property=\"article:modified_time\" content=\"2024-09-17T16:06:44+00:00\" \/>\n<meta property=\"og:image\" content=\"https:\/\/www.kredo.swiss\/wp-content\/uploads\/2023\/03\/Cookies_Gestionnaire.png\" \/>\n<meta name=\"twitter:card\" content=\"summary_large_image\" \/>\n<meta name=\"twitter:label1\" content=\"Gesch\u00e4tzte Lesezeit\" \/>\n\t<meta name=\"twitter:data1\" content=\"8\u00a0Minuten\" \/>\n<script type=\"application\/ld+json\" class=\"yoast-schema-graph\">{\"@context\":\"https:\/\/schema.org\",\"@graph\":[{\"@type\":\"WebPage\",\"@id\":\"https:\/\/new.kredo.swiss\/de\/datenschutzrichtlinie\/\",\"url\":\"https:\/\/new.kredo.swiss\/de\/datenschutzrichtlinie\/\",\"name\":\"Datenschutzerkl\u00e4rung - Kredo\",\"isPartOf\":{\"@id\":\"https:\/\/new.kredo.swiss\/de\/#website\"},\"primaryImageOfPage\":{\"@id\":\"https:\/\/new.kredo.swiss\/de\/datenschutzrichtlinie\/#primaryimage\"},\"image\":{\"@id\":\"https:\/\/new.kredo.swiss\/de\/datenschutzrichtlinie\/#primaryimage\"},\"thumbnailUrl\":\"https:\/\/www.kredo.swiss\/wp-content\/uploads\/2023\/03\/Cookies_Gestionnaire.png\",\"datePublished\":\"2024-08-12T09:23:11+00:00\",\"dateModified\":\"2024-09-17T16:06:44+00:00\",\"breadcrumb\":{\"@id\":\"https:\/\/new.kredo.swiss\/de\/datenschutzrichtlinie\/#breadcrumb\"},\"inLanguage\":\"de\",\"potentialAction\":[{\"@type\":\"ReadAction\",\"target\":[\"https:\/\/new.kredo.swiss\/de\/datenschutzrichtlinie\/\"]}]},{\"@type\":\"ImageObject\",\"inLanguage\":\"de\",\"@id\":\"https:\/\/new.kredo.swiss\/de\/datenschutzrichtlinie\/#primaryimage\",\"url\":\"https:\/\/www.kredo.swiss\/wp-content\/uploads\/2023\/03\/Cookies_Gestionnaire.png\",\"contentUrl\":\"https:\/\/www.kredo.swiss\/wp-content\/uploads\/2023\/03\/Cookies_Gestionnaire.png\"},{\"@type\":\"BreadcrumbList\",\"@id\":\"https:\/\/new.kredo.swiss\/de\/datenschutzrichtlinie\/#breadcrumb\",\"itemListElement\":[{\"@type\":\"ListItem\",\"position\":1,\"name\":\"Accueil\",\"item\":\"https:\/\/new.kredo.swiss\/de\/\"},{\"@type\":\"ListItem\",\"position\":2,\"name\":\"Datenschutzerkl\u00e4rung\"}]},{\"@type\":\"WebSite\",\"@id\":\"https:\/\/new.kredo.swiss\/de\/#website\",\"url\":\"https:\/\/new.kredo.swiss\/de\/\",\"name\":\"Kredo\",\"description\":\"Kredit f\u00fcr Ihre Ambitionen\",\"publisher\":{\"@id\":\"https:\/\/new.kredo.swiss\/de\/#organization\"},\"potentialAction\":[{\"@type\":\"SearchAction\",\"target\":{\"@type\":\"EntryPoint\",\"urlTemplate\":\"https:\/\/new.kredo.swiss\/de\/?s={search_term_string}\"},\"query-input\":{\"@type\":\"PropertyValueSpecification\",\"valueRequired\":true,\"valueName\":\"search_term_string\"}}],\"inLanguage\":\"de\"},{\"@type\":\"Organization\",\"@id\":\"https:\/\/new.kredo.swiss\/de\/#organization\",\"name\":\"Kredo\",\"url\":\"https:\/\/new.kredo.swiss\/de\/\",\"logo\":{\"@type\":\"ImageObject\",\"inLanguage\":\"de\",\"@id\":\"https:\/\/new.kredo.swiss\/de\/#\/schema\/logo\/image\/\",\"url\":\"https:\/\/new.kredo.swiss\/wp-content\/uploads\/2024\/08\/Pantone_Kredo_logo_wordmark.png\",\"contentUrl\":\"https:\/\/new.kredo.swiss\/wp-content\/uploads\/2024\/08\/Pantone_Kredo_logo_wordmark.png\",\"width\":1113,\"height\":209,\"caption\":\"Kredo\"},\"image\":{\"@id\":\"https:\/\/new.kredo.swiss\/de\/#\/schema\/logo\/image\/\"},\"sameAs\":[\"https:\/\/ch.linkedin.com\/company\/kredo-swiss\"]}]}<\/script>\n<!-- \/ Yoast SEO plugin. -->","yoast_head_json":{"title":"Datenschutzerkl\u00e4rung - Kredo","robots":{"index":"noindex","follow":"follow","max-snippet":"max-snippet:-1","max-image-preview":"max-image-preview:large","max-video-preview":"max-video-preview:-1"},"og_locale":"de_DE","og_type":"article","og_title":"Datenschutzerkl\u00e4rung - Kredo","og_description":"Datenschutzerkl\u00e4rung 1. Einf\u00fchrung Kredo SA mit Sitz in Avenue Charles-Ferdinand-Ramuz 60, 1009 Pully (nachfolgend \"Kredo SA\", \"wir\", \"uns\", \"unser\") bietet Kreditvermittlungsdienste an und betreibt zu diesem Zweck eine Kreditvermittlungsplattform (nachfolgend die \"Plattform\"), die \u00fcber die Website www.kredo.swiss (nachfolgend die \"Website\") zug\u00e4nglich ist, auf der auch Inhalte in Bezug auf die Dienstleistungen von Kredo SA angeboten [&hellip;]","og_url":"https:\/\/new.kredo.swiss\/de\/datenschutzrichtlinie\/","og_site_name":"Kredo","article_modified_time":"2024-09-17T16:06:44+00:00","og_image":[{"url":"https:\/\/www.kredo.swiss\/wp-content\/uploads\/2023\/03\/Cookies_Gestionnaire.png"}],"twitter_card":"summary_large_image","twitter_misc":{"Gesch\u00e4tzte Lesezeit":"8\u00a0Minuten"},"schema":{"@context":"https:\/\/schema.org","@graph":[{"@type":"WebPage","@id":"https:\/\/new.kredo.swiss\/de\/datenschutzrichtlinie\/","url":"https:\/\/new.kredo.swiss\/de\/datenschutzrichtlinie\/","name":"Datenschutzerkl\u00e4rung - Kredo","isPartOf":{"@id":"https:\/\/new.kredo.swiss\/de\/#website"},"primaryImageOfPage":{"@id":"https:\/\/new.kredo.swiss\/de\/datenschutzrichtlinie\/#primaryimage"},"image":{"@id":"https:\/\/new.kredo.swiss\/de\/datenschutzrichtlinie\/#primaryimage"},"thumbnailUrl":"https:\/\/www.kredo.swiss\/wp-content\/uploads\/2023\/03\/Cookies_Gestionnaire.png","datePublished":"2024-08-12T09:23:11+00:00","dateModified":"2024-09-17T16:06:44+00:00","breadcrumb":{"@id":"https:\/\/new.kredo.swiss\/de\/datenschutzrichtlinie\/#breadcrumb"},"inLanguage":"de","potentialAction":[{"@type":"ReadAction","target":["https:\/\/new.kredo.swiss\/de\/datenschutzrichtlinie\/"]}]},{"@type":"ImageObject","inLanguage":"de","@id":"https:\/\/new.kredo.swiss\/de\/datenschutzrichtlinie\/#primaryimage","url":"https:\/\/www.kredo.swiss\/wp-content\/uploads\/2023\/03\/Cookies_Gestionnaire.png","contentUrl":"https:\/\/www.kredo.swiss\/wp-content\/uploads\/2023\/03\/Cookies_Gestionnaire.png"},{"@type":"BreadcrumbList","@id":"https:\/\/new.kredo.swiss\/de\/datenschutzrichtlinie\/#breadcrumb","itemListElement":[{"@type":"ListItem","position":1,"name":"Accueil","item":"https:\/\/new.kredo.swiss\/de\/"},{"@type":"ListItem","position":2,"name":"Datenschutzerkl\u00e4rung"}]},{"@type":"WebSite","@id":"https:\/\/new.kredo.swiss\/de\/#website","url":"https:\/\/new.kredo.swiss\/de\/","name":"Kredo","description":"Kredit f\u00fcr Ihre Ambitionen","publisher":{"@id":"https:\/\/new.kredo.swiss\/de\/#organization"},"potentialAction":[{"@type":"SearchAction","target":{"@type":"EntryPoint","urlTemplate":"https:\/\/new.kredo.swiss\/de\/?s={search_term_string}"},"query-input":{"@type":"PropertyValueSpecification","valueRequired":true,"valueName":"search_term_string"}}],"inLanguage":"de"},{"@type":"Organization","@id":"https:\/\/new.kredo.swiss\/de\/#organization","name":"Kredo","url":"https:\/\/new.kredo.swiss\/de\/","logo":{"@type":"ImageObject","inLanguage":"de","@id":"https:\/\/new.kredo.swiss\/de\/#\/schema\/logo\/image\/","url":"https:\/\/new.kredo.swiss\/wp-content\/uploads\/2024\/08\/Pantone_Kredo_logo_wordmark.png","contentUrl":"https:\/\/new.kredo.swiss\/wp-content\/uploads\/2024\/08\/Pantone_Kredo_logo_wordmark.png","width":1113,"height":209,"caption":"Kredo"},"image":{"@id":"https:\/\/new.kredo.swiss\/de\/#\/schema\/logo\/image\/"},"sameAs":["https:\/\/ch.linkedin.com\/company\/kredo-swiss"]}]}},"_links":{"self":[{"href":"https:\/\/new.kredo.swiss\/de\/wp-json\/wp\/v2\/pages\/25980622","targetHints":{"allow":["GET"]}}],"collection":[{"href":"https:\/\/new.kredo.swiss\/de\/wp-json\/wp\/v2\/pages"}],"about":[{"href":"https:\/\/new.kredo.swiss\/de\/wp-json\/wp\/v2\/types\/page"}],"author":[{"embeddable":true,"href":"https:\/\/new.kredo.swiss\/de\/wp-json\/wp\/v2\/users\/1"}],"replies":[{"embeddable":true,"href":"https:\/\/new.kredo.swiss\/de\/wp-json\/wp\/v2\/comments?post=25980622"}],"version-history":[{"count":4,"href":"https:\/\/new.kredo.swiss\/de\/wp-json\/wp\/v2\/pages\/25980622\/revisions"}],"predecessor-version":[{"id":25980750,"href":"https:\/\/new.kredo.swiss\/de\/wp-json\/wp\/v2\/pages\/25980622\/revisions\/25980750"}],"wp:attachment":[{"href":"https:\/\/new.kredo.swiss\/de\/wp-json\/wp\/v2\/media?parent=25980622"}],"wp:term":[{"taxonomy":"dipi_cpt_category","embeddable":true,"href":"https:\/\/new.kredo.swiss\/de\/wp-json\/wp\/v2\/dipi_cpt_category?post=25980622"}],"curies":[{"name":"wp","href":"https:\/\/api.w.org\/{rel}","templated":true}]}}